{"id":4174,"date":"2018-12-12T17:53:57","date_gmt":"2018-12-12T17:53:57","guid":{"rendered":"http:\/\/new.efs.es\/serveis\/creativitat-copy\/"},"modified":"2024-08-06T07:23:28","modified_gmt":"2024-08-06T07:23:28","slug":"avis-legal","status":"publish","type":"page","link":"https:\/\/www.efs.es\/ca\/avis-legal\/","title":{"rendered":"Av\u00eds legal"},"content":{"rendered":"<div class=\"wpb-content-wrapper\">[vc_section el_id=&#8221;Desktop&#8221;][vc_row][vc_column][vc_empty_space height=&#8221;100px&#8221;][\/vc_column][\/vc_row][vc_row][vc_column offset=&#8221;vc_hidden-xs&#8221;]<div class=\"norebro-text-sc \" \r\n\tid=\"norebro-custom-69d0aedcf0d89\" \r\n\t \r\n\t data-aos-duration=\"1000\">\r\n\r\n\t<p class=\"p1\" style=\"text-align: center;\"><span class=\"s4\">Avis legal i condicions d&#8217;us del portal<br \/>\n<\/span><\/p>\n\t\r\n<\/div>[vc_separator color=&#8221;black&#8221; border_width=&#8221;2&#8243; el_width=&#8221;10&#8243; css=&#8221;.vc_custom_1543486057967{margin-top: 40px !important;margin-bottom: 45px !important;}&#8221;][\/vc_column][\/vc_row][vc_row][vc_column]<div class=\"norebro-text-sc \" \r\n\tid=\"norebro-custom-69d0aedcf1446\" \r\n\t \r\n\t data-aos-duration=\"1000\">\r\n\r\n\t<p>Amb la finalitat de donar compliment a l\u2019article 10 de la Llei 34\/2002 de Serveis de la Societat de la Informaci\u00f3 i del Comer\u00e7 Electr\u00f2nic, informem als usuaris de les nostres dades:<\/p>\n<p>Denominaci\u00f3 Social: <strong>ESTUDI FERRAN SENDRA SL<br \/>\n<\/strong>Domicili Social: C\/ Sant Ferran, 55. Pol\u00edgon Industrial Almeda 08940 \u2013 Cornell\u00e0 de Llobregat.<br \/>\nCIF: B59066274<br \/>\nTel\u00e8fon: 934127081<br \/>\nE-Mail:\u00a0 <a href=\"mailto:info@efs.es\"><span style=\"color: #333333;\">info@efs.es<\/span><\/a><br \/>\nLloc Web: <a href=\"https:\/\/www.efs.es\"><span style=\"color: #333333;\">www.efs.es<\/span><\/a><br \/>\nDades Registrals: R.M. de Barcelona F.0061, T11152, Insc. 2\u00aa, H128037<\/p>\n<h3><strong>1.- OBJECTE<\/strong><\/h3>\n<p><strong>ESTUDI FERRAN SENDRA SL<\/strong> (en endavant tamb\u00e9 el prestador) com responsable del lloc web, posa a disposici\u00f3 dels usuaris el present document, que regula l\u2019\u00fas del lloc web www.efs.es, amb el que pretenem donar compliment a les obligacions que disposa la Llei 34\/2002, de Serveis de la Societat de la Informaci\u00f3 i del Comer\u00e7 Electr\u00f2nic (LSSICE o LSSI), aix\u00ed com informar a tots els usuaris del lloc web respecte de quines s\u00f3n les condicions d\u2019\u00fas del lloc web.<\/p>\n<p>A trav\u00e9s de la Web, <strong>ESTUDI FERRAN SENDRA SL<\/strong> facilita als usuaris l\u2019acc\u00e9s i utilitzaci\u00f3 de diferents serveis i continguts posats a disposici\u00f3 a trav\u00e9s del web.<\/p>\n<p>Tota persona que accedeixi a aquesta web assumeix el paper d\u2019usuari (en endavant l\u2019usuari), i implica l\u2019acceptaci\u00f3 plena i sense reserves de totes i cada una de les disposicions incloses en aquest av\u00eds legal, aix\u00ed com a qualssevol altres disposicions legals que fossin d\u2019 aplicaci\u00f3.<\/p>\n<p>Com usuaris, heu de llegir atentament aquest Av\u00eds Legal en qualsevol de les ocasions que entreu a la web, doncs aquest pot sofrir modificacions ja que el prestador es reserva el dret a modificar qualsevol tipus d\u2019 informaci\u00f3 que pogu\u00e9s apar\u00e8ixer a la web, sense que existeixi l\u2019obligaci\u00f3 de pre-avisar o posar en coneixement dels usuaris aquestes obligacions, essent suficients la publicaci\u00f3 en el lloc web del prestador.<\/p>\n<h3><strong> 2. CONDICIONS D&#8217;ACC\u00c9S I \u00daS DE LA WEB<\/strong><\/h3>\n<p><strong>2.1. Car\u00e0cter gratu\u00eft de l\u2019acc\u00e9s i \u00fas de la web.<\/strong><\/p>\n<p>La prestaci\u00f3 dels serveis per part de <strong>ESTUDI FERRAN SENDRA SL<\/strong> t\u00e9 car\u00e0cter gratu\u00eft per a tots els Usuaris. No obstant, alguns dels serveis subministrats pel prestador o per tercers a trav\u00e9s de la Web estan subjectes al pagament d\u2019 un preu determinat a les condiciones generals de contractaci\u00f3.<\/p>\n<p><strong>2.2. Registre d\u2019Usuari. <\/strong><\/p>\n<p>Amb car\u00e0cter general la prestaci\u00f3 dels Serveis no exigeix la pr\u00e8via subscripci\u00f3 o registre dels Usuaris. Tanmateix, <strong>ESTUDI FERRAN SENDRA SL<\/strong> condiciona l\u2019\u00fas d\u2019alguns dels serveis a la pr\u00e8via complimentaci\u00f3 del corresponent registre d\u2019Usuari. Aquest registre s\u2019efectuar\u00e0 en la forma expressament indicada en la pr\u00f2pia secci\u00f3 del servei.<strong>\u00a0<\/strong><\/p>\n<p><strong>2.3. Veracitat de la informaci\u00f3.<\/strong><\/p>\n<p>Tota la informaci\u00f3 que facilita l\u2019Usuari ha de ser vera\u00e7. A aquests efectes, l\u2019Usuari garanteix l\u2019 autenticitat de les dades comunicades a trav\u00e9s dels\u00a0 formularis per a la subscripci\u00f3 dels Serveis. Ser\u00e0 responsabilitat de l\u2019Usuari mantenir tota la informaci\u00f3 facilitada a <strong>ESTUDI FERRAN SENDRA SL<\/strong> permanentment actualitzada de forma que respongui, en cada moment, a la seva situaci\u00f3 real. En tot cas, l\u2019Usuari ser\u00e0 l\u2019\u00fanic responsable de les manifestacions falses o inexactes que realitzi i dels perjudicis que causi al prestador o a tercers.<\/p>\n<p><strong>2.4. Menors de edat.<\/strong><\/p>\n<p>Per a l\u2019\u00fas dels serveis, els menors d\u2019edat han de obtenir sempre pr\u00e8viament el consentiment dels pares, tutors o representants legals, responsables \u00faltims de tots els actes realitzats pels menors al seu c\u00e0rrec. La responsabilitat en la determinaci\u00f3 de continguts concrets als quals accedeixen els menors correspon a aquells, \u00e9s per aix\u00f2 que si accedeixen a\u00a0 continguts no apropiats per Internet, s\u2019hauran d\u2019establir en els seus ordinadors mecanismes, en particular programes inform\u00e0tics, filtres i bloquejos, que permetin limitar els continguts disponibles i, tot i que no siguin infal\u00b7libles, s\u00f3n d\u2019especial utilitat per a controlar i restringir els materials als que poden accedir els menors.<\/p>\n<p><strong>2.5. Obligaci\u00f3 de fer un \u00fas correcte de la Web.<\/strong><\/p>\n<p>L\u2019Usuari es compromet a utilitzar la Web de conformitat a la Llei i al present Av\u00eds Legal, aix\u00ed com a la moral i a les bones costums. A tal efecte, l\u2019Usuari s\u2019abstindr\u00e0 d\u2019utilitzar la p\u00e0gina amb finalitats il\u00b7l\u00edcites o prohibides, lesives de drets i interessos de tercers, o que de qualsevol forma puguin danyar, inutilitzar, sobrecarregar, deteriorar o impedir la normal utilitzaci\u00f3 d\u2019equips inform\u00e0tics o documents, arxius i tota classe de continguts emmagatzemats en qualsevol equip inform\u00e0tic del prestador.<\/p>\n<p>En particular, i a t\u00edtol indicatiu per\u00f2 no exhaustiu, l\u2019Usuari es compromet a no transmetre, difondre o posar a disposici\u00f3 de tercers informacions, dades, continguts, missatges, gr\u00e0fics, dibuixos, arxius de so o imatge, fotografies, gravacions, software i, en general, qualsevol classe de material que:<\/p>\n<ol>\n<li>sigui contr\u00e0ria, menyspre\u00ef o atempti contra els drets fonamentals i les llibertats p\u00fabliques reconegudes constitucionalment, en tractats internacionals i altres normes vigents;<\/li>\n<li>indueixi, inciti o promogui actuacions delictives, denigrants, difamat\u00f2ries, violentes o, en general, contr\u00e0ries a la llei, a la moral i a l\u2019ordre p\u00fablic;<\/li>\n<li>indueixi, inciti o promogui actuacions, actituds o pensaments discriminatoris per ra\u00f3 de sexe, ra\u00e7a, religi\u00f3, creences, edat o condici\u00f3;<\/li>\n<li>sigui contrari al dret a l\u2019honor, a la intimitat personal o familiar o a la pr\u00f2pia imatge de les persones;<\/li>\n<li>de qualsevol manera perjudiqui la credibilitat del prestador o de tercers; i<\/li>\n<li>constitueixi publicitat il\u00b7l\u00edcita, enganyosa o deslleial.<\/li>\n<\/ol>\n<h3><strong>3.- EXCLUSI\u00d3 DE GARANTIES I RESPONSABILITAT<\/strong><\/h3>\n<p>El prestador s\u2019eximeix de qualsevol tipus de responsabilitat derivada de la informaci\u00f3 publicada en el nostre lloc web, sempre que aquesta\u00a0 informaci\u00f3 hagi estat manipulada o introdu\u00efda per un tercer ali\u00e8.<\/p>\n<p>Aquesta web ha estat revisada i provada per a que funcioni correctament. En principi, es pot garantir el correcte funcionament els 365 dies de l\u2019any, 24 hores al dia. No obstant aix\u00f2, el prestador no descarta la possibilitat que existeixin determinats errors de programaci\u00f3, o que succeeixin causes de for\u00e7a major, cat\u00e0strofes naturals, vagues, o circumst\u00e0ncies semblants que facin impossible l\u2019acc\u00e9s a la p\u00e0gina web.<\/p>\n<p><strong>ESTUDI FERRAN SENDRA SL<\/strong> no atorga cap garantia ni es fa responsable, en cap cas, dels danys i perjudicis de qualsevol\u00a0 naturalesa que puguin sortir a col\u00b7laci\u00f3 de la falta de disponibilitat, manteniment i efectiu funcionament de la web o dels seus serveis i continguts; de l\u2019exist\u00e8ncia de virus, programes maliciosos o lesius en els continguts; de l\u2019\u00fas il\u00b7l\u00edcit, negligent, fraudulent o contrari a aquest Av\u00eds Legal i condicions d\u2019\u00fas; o de La falta de licitud, qualitat, fiabilitat, utilitat i disponibilitat dels serveis prestats per tercers i posats a disposici\u00f3 dels usuaris en el lloc web.<\/p>\n<p>El prestador no es fa responsable sota cap concepte dels danys que puguin dimanar de l\u2019\u00fas il\u00b7legal o indegut de la present p\u00e0gina web.<\/p>\n<h3><strong>4.- COOKIES<br \/>\n<\/strong><\/h3>\n<p>El lloc web del prestador pot utilitzar cookies (petits arxius d\u2019informaci\u00f3 que el servidor envia a l\u2019ordinador de qui accedeix a la p\u00e0gina) per a dur a terme determinades funcions que s\u00f3n considerades imprescindibles per al correcte funcionament i visualitzaci\u00f3 del lloc. Les cookies utilitzades tenen, en tot cas, car\u00e0cter temporal, amb l&#8217;\u00fanica finalitat de fer m\u00e9s efica\u00e7 la navegaci\u00f3, i desapareixen en acabar la sessi\u00f3 de l&#8217;usuari.<\/p>\n<p>En cap cas s\u2019utilitzaran les cookies per a\u00a0 recollir informaci\u00f3 de car\u00e0cter personal.<\/p>\n<p>Els informem que actualmente la nostra p\u00e1gina web no utilitza cookies.<\/p>\n<h3><strong>5.- ENLLA\u00c7OS (LINKS)<\/strong><\/h3>\n<p>Des del lloc web \u00e9s possible que es redirigeixi a continguts de terceres webs. At\u00e8s que des del web no podem controlar sempre els continguts introdu\u00efts pels tercers, <strong>ESTUDI FERRAN SENDRA SL<\/strong> no assumeix cap tipus de responsabilitat respecte a aquests continguts. En tot cas, el prestador manifesta que procedir\u00e0 a la retirada immediata de qualsevol contingut que pogu\u00e9s contravenir la legislaci\u00f3 nacional o internacional, la moral o l\u2019ordre p\u00fablic, procedint a la retirada immediata de la re-direcci\u00f3 a aquestes webs, posant en coneixement de les autoritats competents el contingut en q\u00fcesti\u00f3.<\/p>\n<p>El prestador no es responsabilitza de la informaci\u00f3 i continguts emmagatzemats, a t\u00edtol enunciatiu per\u00f2 no limitant, en f\u00f2rums, xats, generadors de blogs, comentaris, xarxes socials o qualsevol altre mitj\u00e0 que permeti a tercers publicar continguts de forma independent a la p\u00e0gina web del prestador. No obstant aix\u00f2 i en compliment del que disposa l\u2019 art. 11 i 16 de la LSSICE, el prestador es posa a disposici\u00f3 de tots els usuaris, autoritats i forces de seguretat, i col\u00b7laborant de forma activa en la retirada o, quan esdevingui necessari, el bloqueig de tots aquells continguts que puguin afectar o contravenir la legislaci\u00f3 nacional, o internacional, drets de tercers o la moral i l\u2019ordre p\u00fablic. En cas que l\u2019usuari consideri que pot existir algun contingut que pogu\u00e9s ser susceptible de aquesta classificaci\u00f3, es prega ho notifiqui de forma immediata al administrador del lloc web.<\/p>\n<h3><strong>6.- PROTECCI\u00d3 DE DADES PERSONALS<\/strong><\/h3>\n<p>El prestador est\u00e0 profundament comprom\u00e8s amb el compliment de la normativa de protecci\u00f3 de dades personals i garanteix el compliment \u00edntegre de les obligacions disposades, aix\u00ed com la implementaci\u00f3 de les mesures de seguretat disposades al Reglament Europeu de Protecci\u00f3 de dades i la normativa espanyola de protecci\u00f3 de dades.<\/p>\n<p>Per a m\u00e9s informaci\u00f3, vegeu la nostra Pol\u00edtica de Privacitat. [VINCULAR A POL\u00cdTICA DE PRIVACITAT]<\/p>\n<h3><strong> 7. XARXES SOCIALS<br \/>\n<\/strong><\/h3>\n<p>Li informem que <strong>ESTUDI FERRAN SENDRA SL<\/strong> pot estar present en xarxes socials. El tractament de les dades que els usuaris incloguin en les mateixes [fent-se\u00a0 seguidors del prestador en les xarxes socials (i\/o realitzin qualsevol vincle o acci\u00f3 de connexi\u00f3 a trav\u00e9s d\u2019aquestes)] es regir\u00e0 per aquest apartat, aix\u00ed com per les condicions d\u2019\u00fas, pol\u00edtiques de privacitat i normatives d\u2019acc\u00e9s i \u00fas de les xarxes socials en q\u00fcesti\u00f3 i acceptades pr\u00e8viament per l\u2019 usuari. <strong>ESTUDI FERRAN SENDRA SL<\/strong> tractar\u00e0 les seves dades amb la finalitat d\u2019 informar-li de les activitats, productes o serveis del prestador a trav\u00e9s d\u2019aquests xarxes socials, aix\u00ed com per a qualsevol altre finalitat que les normatives de les Xarxes Socials permetin, per\u00f2 no se\u2019n far\u00e0 responsable de les seves pol\u00edtiques de privacitat.<\/p>\n<p>Queda prohibida la publicaci\u00f3 de continguts:<\/p>\n<p>&#8211; Que siguin presumptament il\u00b7l\u00edcits per la normativa nacional, comunit\u00e0ria o internacional o que realitzin activitats presumptament il\u00b7l\u00edcites o contravinguin els principis de la bona fe.<\/p>\n<p>&#8211; Que atemptin contra els drets fonamentals de les persones, faltin a la cortesia a la xarxa, molestin o puguin generar opinions negatives als nostres usuaris o tercers i en general qualsevol contingut que <strong>ESTUDI FERRAN SENDRA SL<\/strong> consideri no apropiats.<\/p>\n<p>&#8211; I en general que contravinguin els principis de legalitat, honorabilitat, responsabilitat, protecci\u00f3 de la dignitat humana, protecci\u00f3 de menors, protecci\u00f3 del ordre p\u00fablic, la protecci\u00f3 de la vida privada, protecci\u00f3 del consumidor i els drets de propietat intel\u00b7lectual i industrial.<\/p>\n<p>Tanmateix, <strong>ESTUDI FERRAN SENDRA SL<\/strong> es reserva la potestat de retirar, sense previ av\u00eds de la p\u00e0gina web o de la xarxa social corporativa aquells continguts que es considerin no apropiats.<\/p>\n<h3><strong>8.- PROPIETAT INTEL\u00b7LECTUAL I INDUSTRIAL<\/strong><\/h3>\n<p>El lloc web, incloent a t\u00edtol enunciatiu per\u00f2 no limitatiu la programaci\u00f3, edici\u00f3, compilaci\u00f3 i altres elements necessaris per al seu funcionament, els dissenys, logotips, texts, fotografies i\/o gr\u00e0fics s\u00f3n propietat del prestador o, en cas que fos necessari, disposa de la llic\u00e8ncia o autoritzaci\u00f3 expressa per part dels autors. Tots els continguts del lloc web es troben degudament protegits per la normativa de propietat intel\u00b7lectual i industrial.<\/p>\n<p>Independentment de la finalitat per la que fossin destinats, la reproducci\u00f3 total o parcial, \u00fas, distribuci\u00f3 i comunicaci\u00f3 p\u00fablica requereixen de l\u2019autoritzaci\u00f3 escrita pr\u00e8via per part del prestador. Qualsevol \u00fas no autoritzat pr\u00e8viament per part del prestador ser\u00e0 considerat un incompliment greu dels drets de propietat intel\u00b7lectual o industrial de l\u2019autor.<\/p>\n<p>Els dissenys, logotips, texts i\/o gr\u00e0fics aliens al prestador i que puguin apar\u00e8ixer en el lloc web, pertanyen als seus respectius propietaris, essent ells mateixos els responsables de qualsevol possible controv\u00e8rsia que pogu\u00e9s esdevenir respecte als mateixos. En tot cas, el prestador compte amb l\u2019autoritzaci\u00f3 expressa i pr\u00e8via per part dels mateixos.<\/p>\n<p>El prestador reconeix a favor dels seus titulars els corresponents drets de propietat industrial i intel\u00b7lectual, no implicant la menci\u00f3 o aparici\u00f3 en el lloc web, de l\u2019exist\u00e8ncia de drets o cap responsabilitat del prestador sobre els mateixos, com tampoc recolzament, patrocini o recomanaci\u00f3 per part del mateix.<\/p>\n<p>Per a realitzar qualsevol tipus d\u2019observaci\u00f3 respecte a possibles incompliments dels drets de propietat intel\u00b7lectual o industrial, aix\u00ed como sobre qualsevol dels continguts del lloc web, pot fer-ho a trav\u00e9s del correu electr\u00f2nic a dalt\u00a0 ressenyat.<\/p>\n<h3><strong>9.- LLEI APLICABLE I JURISDICCI\u00d3<\/strong><\/h3>\n<p>Per a la resoluci\u00f3 de les controv\u00e8rsies o q\u00fcestions relacionades amb la present p\u00e0gina web o de les activitats en aquesta desenvolupades, ser\u00e0 d\u2019aplicaci\u00f3 la legislaci\u00f3 espanyola, a la que es sotmeten expressament les parts, essent competents per la resoluci\u00f3 de tots els conflictes derivats o relacionats amb el seu \u00fas els Jutjats i Tribunals de Barcelona.<\/p>\n\t\r\n<\/div>[\/vc_column][\/vc_row][vc_row][vc_column][vc_empty_space height=&#8221;100px&#8221;][\/vc_column][\/vc_row][\/vc_section]\n<\/div>","protected":false},"excerpt":{"rendered":"<p>[vc_section el_id=&#8221;Desktop&#8221;][vc_row][vc_column][vc_empty_space height=&#8221;100px&#8221;][\/vc_column][\/vc_row][vc_row][vc_column offset=&#8221;vc_hidden-xs&#8221;][vc_separator color=&#8221;black&#8221; border_width=&#8221;2&#8243; el_width=&#8221;10&#8243; css=&#8221;.vc_custom_1543486057967{margin-top: 40px !important;margin-bottom: 45px !important;}&#8221;][\/vc_column][\/vc_row][vc_row][vc_column][\/vc_column][\/vc_row][vc_row][vc_column][vc_empty_space height=&#8221;100px&#8221;][\/vc_column][\/vc_row][\/vc_section]<\/p>\n","protected":false},"author":1,"featured_media":0,"parent":0,"menu_order":9,"comment_status":"closed","ping_status":"closed","template":"","meta":{"inline_featured_image":false},"yoast_head":"<!-- This site is optimized with the Yoast SEO plugin v19.13 - https:\/\/yoast.com\/wordpress\/plugins\/seo\/ -->\n<title>Av\u00eds legal - efs.es<\/title>\n<meta name=\"robots\" content=\"index, follow, max-snippet:-1, max-image-preview:large, max-video-preview:-1\" \/>\n<link rel=\"canonical\" href=\"https:\/\/www.efs.es\/ca\/avis-legal\/\" \/>\n<meta property=\"og:locale\" content=\"ca_ES\" \/>\n<meta property=\"og:type\" content=\"article\" \/>\n<meta property=\"og:title\" content=\"Av\u00eds legal - efs.es\" \/>\n<meta property=\"og:description\" content=\"[vc_section el_id=&#8221;Desktop&#8221;][vc_row][vc_column][vc_empty_space height=&#8221;100px&#8221;][\/vc_column][\/vc_row][vc_row][vc_column offset=&#8221;vc_hidden-xs&#8221;][vc_separator color=&#8221;black&#8221; border_width=&#8221;2&#8243; el_width=&#8221;10&#8243; css=&#8221;.vc_custom_1543486057967{margin-top: 40px !important;margin-bottom: 45px !important;}&#8221;][\/vc_column][\/vc_row][vc_row][vc_column][\/vc_column][\/vc_row][vc_row][vc_column][vc_empty_space height=&#8221;100px&#8221;][\/vc_column][\/vc_row][\/vc_section]\" \/>\n<meta property=\"og:url\" content=\"https:\/\/www.efs.es\/ca\/avis-legal\/\" \/>\n<meta property=\"og:site_name\" content=\"efs.es\" \/>\n<meta property=\"article:publisher\" content=\"https:\/\/www.facebook.com\/EstudiFerranSendra\" \/>\n<meta property=\"article:modified_time\" content=\"2024-08-06T07:23:28+00:00\" \/>\n<meta name=\"twitter:card\" content=\"summary_large_image\" \/>\n<meta name=\"twitter:label1\" content=\"Temps estimat de lectura\" \/>\n\t<meta name=\"twitter:data1\" content=\"10 minuts\" \/>\n<script type=\"application\/ld+json\" class=\"yoast-schema-graph\">{\"@context\":\"https:\/\/schema.org\",\"@graph\":[{\"@type\":\"WebPage\",\"@id\":\"https:\/\/www.efs.es\/ca\/avis-legal\/\",\"url\":\"https:\/\/www.efs.es\/ca\/avis-legal\/\",\"name\":\"Av\u00eds legal - efs.es\",\"isPartOf\":{\"@id\":\"https:\/\/www.efs.es\/#website\"},\"datePublished\":\"2018-12-12T17:53:57+00:00\",\"dateModified\":\"2024-08-06T07:23:28+00:00\",\"breadcrumb\":{\"@id\":\"https:\/\/www.efs.es\/ca\/avis-legal\/#breadcrumb\"},\"inLanguage\":\"ca\",\"potentialAction\":[{\"@type\":\"ReadAction\",\"target\":[\"https:\/\/www.efs.es\/ca\/avis-legal\/\"]}]},{\"@type\":\"BreadcrumbList\",\"@id\":\"https:\/\/www.efs.es\/ca\/avis-legal\/#breadcrumb\",\"itemListElement\":[{\"@type\":\"ListItem\",\"position\":1,\"name\":\"Portada\",\"item\":\"https:\/\/www.efs.es\/ca\/\"},{\"@type\":\"ListItem\",\"position\":2,\"name\":\"Av\u00eds legal\"}]},{\"@type\":\"WebSite\",\"@id\":\"https:\/\/www.efs.es\/#website\",\"url\":\"https:\/\/www.efs.es\/\",\"name\":\"Estudi Ferran Sendra EFS\",\"description\":\"Estudi Ferran Sendra\",\"publisher\":{\"@id\":\"https:\/\/www.efs.es\/#organization\"},\"potentialAction\":[{\"@type\":\"SearchAction\",\"target\":{\"@type\":\"EntryPoint\",\"urlTemplate\":\"https:\/\/www.efs.es\/?s={search_term_string}\"},\"query-input\":\"required name=search_term_string\"}],\"inLanguage\":\"ca\"},{\"@type\":\"Organization\",\"@id\":\"https:\/\/www.efs.es\/#organization\",\"name\":\"EFS - Estudi Ferran Sendra\",\"url\":\"https:\/\/www.efs.es\/\",\"logo\":{\"@type\":\"ImageObject\",\"inLanguage\":\"ca\",\"@id\":\"https:\/\/www.efs.es\/#\/schema\/logo\/image\/\",\"url\":\"https:\/\/www.efs.es\/wp-content\/uploads\/2018\/03\/logo_EFS_dark@2x-e1539513531753.png\",\"contentUrl\":\"https:\/\/www.efs.es\/wp-content\/uploads\/2018\/03\/logo_EFS_dark@2x-e1539513531753.png\",\"width\":201,\"height\":59,\"caption\":\"EFS - Estudi Ferran Sendra\"},\"image\":{\"@id\":\"https:\/\/www.efs.es\/#\/schema\/logo\/image\/\"},\"sameAs\":[\"https:\/\/www.instagram.com\/estudiferransendra\",\"https:\/\/www.linkedin.com\/company\/efs-worldwide\",\"https:\/\/www.pinterest.es\/estudiferransen\",\"https:\/\/www.facebook.com\/EstudiFerranSendra\"]}]}<\/script>\n<!-- \/ Yoast SEO plugin. -->","yoast_head_json":{"title":"Av\u00eds legal - efs.es","robots":{"index":"index","follow":"follow","max-snippet":"max-snippet:-1","max-image-preview":"max-image-preview:large","max-video-preview":"max-video-preview:-1"},"canonical":"https:\/\/www.efs.es\/ca\/avis-legal\/","og_locale":"ca_ES","og_type":"article","og_title":"Av\u00eds legal - efs.es","og_description":"[vc_section el_id=&#8221;Desktop&#8221;][vc_row][vc_column][vc_empty_space height=&#8221;100px&#8221;][\/vc_column][\/vc_row][vc_row][vc_column offset=&#8221;vc_hidden-xs&#8221;][vc_separator color=&#8221;black&#8221; border_width=&#8221;2&#8243; el_width=&#8221;10&#8243; css=&#8221;.vc_custom_1543486057967{margin-top: 40px !important;margin-bottom: 45px !important;}&#8221;][\/vc_column][\/vc_row][vc_row][vc_column][\/vc_column][\/vc_row][vc_row][vc_column][vc_empty_space height=&#8221;100px&#8221;][\/vc_column][\/vc_row][\/vc_section]","og_url":"https:\/\/www.efs.es\/ca\/avis-legal\/","og_site_name":"efs.es","article_publisher":"https:\/\/www.facebook.com\/EstudiFerranSendra","article_modified_time":"2024-08-06T07:23:28+00:00","twitter_card":"summary_large_image","twitter_misc":{"Temps estimat de lectura":"10 minuts"},"schema":{"@context":"https:\/\/schema.org","@graph":[{"@type":"WebPage","@id":"https:\/\/www.efs.es\/ca\/avis-legal\/","url":"https:\/\/www.efs.es\/ca\/avis-legal\/","name":"Av\u00eds legal - efs.es","isPartOf":{"@id":"https:\/\/www.efs.es\/#website"},"datePublished":"2018-12-12T17:53:57+00:00","dateModified":"2024-08-06T07:23:28+00:00","breadcrumb":{"@id":"https:\/\/www.efs.es\/ca\/avis-legal\/#breadcrumb"},"inLanguage":"ca","potentialAction":[{"@type":"ReadAction","target":["https:\/\/www.efs.es\/ca\/avis-legal\/"]}]},{"@type":"BreadcrumbList","@id":"https:\/\/www.efs.es\/ca\/avis-legal\/#breadcrumb","itemListElement":[{"@type":"ListItem","position":1,"name":"Portada","item":"https:\/\/www.efs.es\/ca\/"},{"@type":"ListItem","position":2,"name":"Av\u00eds legal"}]},{"@type":"WebSite","@id":"https:\/\/www.efs.es\/#website","url":"https:\/\/www.efs.es\/","name":"Estudi Ferran Sendra EFS","description":"Estudi Ferran Sendra","publisher":{"@id":"https:\/\/www.efs.es\/#organization"},"potentialAction":[{"@type":"SearchAction","target":{"@type":"EntryPoint","urlTemplate":"https:\/\/www.efs.es\/?s={search_term_string}"},"query-input":"required name=search_term_string"}],"inLanguage":"ca"},{"@type":"Organization","@id":"https:\/\/www.efs.es\/#organization","name":"EFS - Estudi Ferran Sendra","url":"https:\/\/www.efs.es\/","logo":{"@type":"ImageObject","inLanguage":"ca","@id":"https:\/\/www.efs.es\/#\/schema\/logo\/image\/","url":"https:\/\/www.efs.es\/wp-content\/uploads\/2018\/03\/logo_EFS_dark@2x-e1539513531753.png","contentUrl":"https:\/\/www.efs.es\/wp-content\/uploads\/2018\/03\/logo_EFS_dark@2x-e1539513531753.png","width":201,"height":59,"caption":"EFS - Estudi Ferran Sendra"},"image":{"@id":"https:\/\/www.efs.es\/#\/schema\/logo\/image\/"},"sameAs":["https:\/\/www.instagram.com\/estudiferransendra","https:\/\/www.linkedin.com\/company\/efs-worldwide","https:\/\/www.pinterest.es\/estudiferransen","https:\/\/www.facebook.com\/EstudiFerranSendra"]}]}},"_links":{"self":[{"href":"https:\/\/www.efs.es\/ca\/wp-json\/wp\/v2\/pages\/4174"}],"collection":[{"href":"https:\/\/www.efs.es\/ca\/wp-json\/wp\/v2\/pages"}],"about":[{"href":"https:\/\/www.efs.es\/ca\/wp-json\/wp\/v2\/types\/page"}],"author":[{"embeddable":true,"href":"https:\/\/www.efs.es\/ca\/wp-json\/wp\/v2\/users\/1"}],"replies":[{"embeddable":true,"href":"https:\/\/www.efs.es\/ca\/wp-json\/wp\/v2\/comments?post=4174"}],"version-history":[{"count":17,"href":"https:\/\/www.efs.es\/ca\/wp-json\/wp\/v2\/pages\/4174\/revisions"}],"predecessor-version":[{"id":15365,"href":"https:\/\/www.efs.es\/ca\/wp-json\/wp\/v2\/pages\/4174\/revisions\/15365"}],"wp:attachment":[{"href":"https:\/\/www.efs.es\/ca\/wp-json\/wp\/v2\/media?parent=4174"}],"curies":[{"name":"wp","href":"https:\/\/api.w.org\/{rel}","templated":true}]}}